{"id":614,"date":"2022-10-04T15:37:15","date_gmt":"2022-10-04T20:37:15","guid":{"rendered":"https:\/\/centrosurplaza.com\/?page_id=614"},"modified":"2026-04-24T08:38:02","modified_gmt":"2026-04-24T13:38:02","slug":"parqueadero","status":"publish","type":"page","link":"https:\/\/centrosurplaza.com\/index.php\/parqueadero\/","title":{"rendered":"Parqueadero"},"content":{"rendered":"\n<div class=\"wp-block-cover is-light\"><img fetchpriority=\"high\" decoding=\"async\" width=\"1024\" height=\"664\" class=\"wp-block-cover__image-background wp-image-615\" alt=\"\" src=\"https:\/\/centrosurplaza.com\/wp-content\/uploads\/2022\/10\/paqueadero1-1024x664.jpg\" data-object-fit=\"cover\" srcset=\"https:\/\/centrosurplaza.com\/wp-content\/uploads\/2022\/10\/paqueadero1-1024x664.jpg 1024w, https:\/\/centrosurplaza.com\/wp-content\/uploads\/2022\/10\/paqueadero1-300x195.jpg 300w, https:\/\/centrosurplaza.com\/wp-content\/uploads\/2022\/10\/paqueadero1-768x498.jpg 768w, https:\/\/centrosurplaza.com\/wp-content\/uploads\/2022\/10\/paqueadero1-240x156.jpg 240w, https:\/\/centrosurplaza.com\/wp-content\/uploads\/2022\/10\/paqueadero1.jpg 1200w\" sizes=\"(max-width: 1024px) 100vw, 1024px\" \/><span aria-hidden=\"true\" class=\"wp-block-cover__background has-background-dim\"><\/span><div class=\"wp-block-cover__inner-container is-layout-flow wp-block-cover-is-layout-flow\">\n<p class=\"has-text-align-center has-huge-font-size\"><strong> ENTRADA POR CALLE 9<\/strong> &#8211; <strong>CARROS Y MOTOS<\/strong><\/p>\n\n\n\n<p class=\"has-text-align-center has-medium-font-size\">Tarifas: Hora o Fracci\u00f3n Carro $3200 \/ Moto $2000<\/p>\n\n\n\n<p class=\"has-text-align-center has-medium-font-size\">1 hora de cortes\u00eda presentando factura de compra o sello en el ticket.<\/p>\n\n\n\n<p class=\"has-text-align-center has-medium-font-size\"><\/p>\n\n\n\n<p class=\"has-text-align-center\">El centro comercial no presta servicio de parqueadero nocturno, si deja su carro, moto o bicicleta le ser\u00e1 generado un<strong><span style=\"text-decoration: underline;\"> cobro de multa por abandono<\/span><\/strong> con los siguientes valores: Carro$50.000 ,Moto $40.000 y Bicicleta$30.000.<\/p>\n<\/div><\/div>\n\n\n\n<p><strong>HORARIO PARQUEADERO<\/strong><\/p>\n\n\n\n<p> Lunes a s\u00e1bado : 06:00 am a 09:00 pm <\/p>\n\n\n\n<p><strong>TARIFAS<\/strong><\/p>\n\n\n\n<p>Valor hora o fracci\u00f3n Carro <strong>$3,200<\/strong><\/p>\n\n\n\n<p>Valor hora o fracci\u00f3n Moto <strong>$2,000 <\/strong><\/p>\n\n\n\n<p>1 hora de cortes\u00eda presentando factura de compra o sello en el ticket.<\/p>\n\n\n\n<p> Estos pagos se realizan en el punto de pago ubicado en el s\u00f3tano<\/p>\n\n\n\n<p>El centro comercial no presta servicio de parqueadero nocturno, si deja su carro, moto o bicicleta le ser\u00e1 generado un<strong><span style=\"text-decoration: underline;\"> cobro de multa por abandono<\/span><\/strong> con los siguientes valores: Carro$50.000 ,Moto $40.000 y Bicicleta$30.000.<\/p>\n","protected":false},"excerpt":{"rendered":"<p>HORARIO PARQUEADERO Lunes a s\u00e1bado : 06:00 am a 09:00 pm TARIFAS Valor hora o fracci\u00f3n Carro $3,200 Valor hora o fracci\u00f3n Moto $2,000 1 hora de cortes\u00eda presentando factura de compra o sello en el ticket. Estos pagos se realizan en el punto de pago ubicado en el s\u00f3tano El centro comercial no presta [&hellip;]<\/p>\n","protected":false},"author":2,"featured_media":0,"parent":0,"menu_order":0,"comment_status":"closed","ping_status":"closed","template":"template-fullwidth.php","meta":{"_monsterinsights_skip_tracking":false,"_monsterinsights_sitenote_active":false,"_monsterinsights_sitenote_note":"","_monsterinsights_sitenote_category":0,"footnotes":""},"class_list":["post-614","page","type-page","status-publish","hentry"],"jetpack_sharing_enabled":true,"_links":{"self":[{"href":"https:\/\/centrosurplaza.com\/index.php\/wp-json\/wp\/v2\/pages\/614","targetHints":{"allow":["GET"]}}],"collection":[{"href":"https:\/\/centrosurplaza.com\/index.php\/wp-json\/wp\/v2\/pages"}],"about":[{"href":"https:\/\/centrosurplaza.com\/index.php\/wp-json\/wp\/v2\/types\/page"}],"author":[{"embeddable":true,"href":"https:\/\/centrosurplaza.com\/index.php\/wp-json\/wp\/v2\/users\/2"}],"replies":[{"embeddable":true,"href":"https:\/\/centrosurplaza.com\/index.php\/wp-json\/wp\/v2\/comments?post=614"}],"version-history":[{"count":11,"href":"https:\/\/centrosurplaza.com\/index.php\/wp-json\/wp\/v2\/pages\/614\/revisions"}],"predecessor-version":[{"id":1834,"href":"https:\/\/centrosurplaza.com\/index.php\/wp-json\/wp\/v2\/pages\/614\/revisions\/1834"}],"wp:attachment":[{"href":"https:\/\/centrosurplaza.com\/index.php\/wp-json\/wp\/v2\/media?parent=614"}],"curies":[{"name":"wp","href":"https:\/\/api.w.org\/{rel}","templated":true}]}}