{"id":1139,"date":"2025-03-26T13:02:43","date_gmt":"2025-03-26T18:02:43","guid":{"rendered":"https:\/\/centrosurplaza.com\/?page_id=1139"},"modified":"2025-03-26T13:02:57","modified_gmt":"2025-03-26T18:02:57","slug":"politica-de-datos","status":"publish","type":"page","link":"https:\/\/centrosurplaza.com\/index.php\/politica-de-datos\/","title":{"rendered":"Politica de Datos"},"content":{"rendered":"\n<p>Con el suministro de la informaci\u00f3n p\u00fablica y privada que a continuaci\u00f3n se relaciona, autorizo al Centro Comercial Centrosur Plaza con NIT. 900.389.799-1, direcci\u00f3n electr\u00f3nica\u00a0<a href=\"mailto:tratamientodedatos@centrosurplaza.com\" target=\"_blank\" rel=\"noreferrer noopener\">tratamientodedatos@centrosurplaza.com<\/a>\u00a0y tel\u00e9fono (+57) 316 4715225, en calidad de responsable, para que realice el tratamiento de mis datos personales, con el prop\u00f3sito de que sea resuelta la solicitud que por medio de la casilla \u201cmensaje\u201d, elevo. Reconozco que como titular los derechos que me asisten a conocer, actualizar y rectificar los datos personales, ser informado sobre el uso que se les ha dado, solicitar prueba de la autorizaci\u00f3n otorgada, revocar la autorizaci\u00f3n y\/o solicitar la supresi\u00f3n de los datos, acceder en forma gratuita a los mismos y a presentar quejas ante la Superintendencia de Industria y Comercio por infracci\u00f3n a la ley.<\/p>\n\n\n\n<p><\/p>\n","protected":false},"excerpt":{"rendered":"<p>Con el suministro de la informaci\u00f3n p\u00fablica y privada que a continuaci\u00f3n se relaciona, autorizo al Centro Comercial Centrosur Plaza con NIT. 900.389.799-1, direcci\u00f3n electr\u00f3nica\u00a0tratamientodedatos@centrosurplaza.com\u00a0y tel\u00e9fono (+57) 316 4715225, en calidad de responsable, para que realice el tratamiento de mis datos personales, con el prop\u00f3sito de que sea resuelta la solicitud que por medio de [&hellip;]<\/p>\n","protected":false},"author":2,"featured_media":0,"parent":0,"menu_order":0,"comment_status":"closed","ping_status":"closed","template":"","meta":{"_monsterinsights_skip_tracking":false,"_monsterinsights_sitenote_active":false,"_monsterinsights_sitenote_note":"","_monsterinsights_sitenote_category":0,"footnotes":""},"class_list":["post-1139","page","type-page","status-publish","hentry"],"jetpack_sharing_enabled":true,"_links":{"self":[{"href":"https:\/\/centrosurplaza.com\/index.php\/wp-json\/wp\/v2\/pages\/1139","targetHints":{"allow":["GET"]}}],"collection":[{"href":"https:\/\/centrosurplaza.com\/index.php\/wp-json\/wp\/v2\/pages"}],"about":[{"href":"https:\/\/centrosurplaza.com\/index.php\/wp-json\/wp\/v2\/types\/page"}],"author":[{"embeddable":true,"href":"https:\/\/centrosurplaza.com\/index.php\/wp-json\/wp\/v2\/users\/2"}],"replies":[{"embeddable":true,"href":"https:\/\/centrosurplaza.com\/index.php\/wp-json\/wp\/v2\/comments?post=1139"}],"version-history":[{"count":1,"href":"https:\/\/centrosurplaza.com\/index.php\/wp-json\/wp\/v2\/pages\/1139\/revisions"}],"predecessor-version":[{"id":1140,"href":"https:\/\/centrosurplaza.com\/index.php\/wp-json\/wp\/v2\/pages\/1139\/revisions\/1140"}],"wp:attachment":[{"href":"https:\/\/centrosurplaza.com\/index.php\/wp-json\/wp\/v2\/media?parent=1139"}],"curies":[{"name":"wp","href":"https:\/\/api.w.org\/{rel}","templated":true}]}}